{"id":187,"date":"2019-02-28T14:50:08","date_gmt":"2019-02-28T13:50:08","guid":{"rendered":"https:\/\/www.sofys-traiteur.com\/blog\/?page_id=187"},"modified":"2019-02-28T14:54:41","modified_gmt":"2019-02-28T13:54:41","slug":"organisation-evenements-mariage","status":"publish","type":"page","link":"https:\/\/www.sofys-traiteur.com\/blog\/organisation-evenements-mariage\/","title":{"rendered":"Organisation mariage"},"content":{"rendered":"<div class=\"row organisation-evenements\">\n<div class=\"col-md-3\">\n<img loading=\"lazy\" decoding=\"async\" class=\"alignnone wp-image-212 size-full  img-responsive\" src=\"https:\/\/www.sofys-traiteur.com\/blog\/wp-content\/uploads\/2019\/02\/VISUEL-PARTICULIERS_MARIAGE.jpg\" alt=\"\" width=\"200\" height=\"274\">\n<\/div>\n<div class=\"col-md-6\">\n<p style=\"text-align: center;\"><a href=\"\/traiteur\/demande-de-devis\" class=\"btn btn-primary btn-md\">Demander un devis sur mesure<\/a>\n<p>En relation avec un wedding planner ou en liaison directe avec les mari\u00e9s, nous savons organiser un \u00e9v\u00e8nement mariage de A \u00e0 Z, du choix du lieu au bouquet de table des invit\u00e9s. Nous pouvons proposer quelques pi\u00e8ces cocktail pour le vin d\u2019honneur et un repas assis ou un d\u00e9jeuner buffet avec entr\u00e9es prises au buffet, plat chaud assis et buffet de desserts. Au menu : Foie Gras de Canard mi-cuit \u00e0 la fleur de sel, magret de canard fum\u00e9,compot\u00e9e de pommes acidul\u00e9es, cerises de C\u00e9ret en pickles, brioche toast\u00e9e,<br \/>\nsaint-Pierre snack\u00e9 sur un cr\u00e9meux de petits pois \u00e0 la r\u00e9glisse, oignons tiges,tomme de Laguiole dor\u00e9e ,<br \/>\nCompote de fruits et cr\u00e8me glac\u00e9e \u00e0 la verveine du jardin.<br \/>\nSans oublier le buffet des enfants : mini- croques, hots dogs, fontaine \u00e0 chocolat et bonbons \u00e0 profusion.<br \/>\nL\u2019organisation \u00e9v\u00e9nement mariage se d\u00e9roule chez vous avec des proches ou avec faste dans un lieu de prestige, les \u00e9quipes professionnelles de votre traiteur sur-mesure demeurent \u00e0 votre service.<\/p>\n<p style=\"text-align: center;\"><a href=\"\/traiteur\/demande-de-devis\" class=\"btn btn-primary btn-md\">Demander un devis sur mesure<\/a>\n<\/div>\n<div class=\"col-md-3\">\n<img loading=\"lazy\" decoding=\"async\" class=\"alignnone wp-image-217 size-medium  img-responsive\" src=\"https:\/\/www.sofys-traiteur.com\/blog\/wp-content\/uploads\/2019\/02\/Mariage-drag&#xE9;es-200x300.jpg\" alt=\"\" width=\"200\" height=\"300\">\n<\/div>\n<\/div>\n","protected":false},"excerpt":{"rendered":"","protected":false},"author":1,"featured_media":0,"parent":0,"menu_order":0,"comment_status":"closed","ping_status":"closed","template":"","meta":{"footnotes":""},"class_list":["post-187","page","type-page","status-publish","hentry"],"aioseo_notices":[],"yoast_head":"<!-- This site is optimized with the Yoast SEO plugin v26.5 - https:\/\/yoast.com\/wordpress\/plugins\/seo\/ -->\n<title>Organisation mariage - Sofys&#039;s &amp; Co<\/title>\n<meta name=\"robots\" content=\"index, follow, max-snippet:-1, max-image-preview:large, max-video-preview:-1\" \/>\n<link rel=\"canonical\" href=\"https:\/\/www.sofys-traiteur.com\/blog\/organisation-evenements-mariage\/\" \/>\n<meta property=\"og:locale\" content=\"fr_FR\" \/>\n<meta property=\"og:type\" content=\"article\" \/>\n<meta property=\"og:title\" content=\"Organisation mariage - Sofys&#039;s &amp; Co\" \/>\n<meta property=\"og:url\" content=\"https:\/\/www.sofys-traiteur.com\/blog\/organisation-evenements-mariage\/\" \/>\n<meta property=\"og:site_name\" content=\"Sofys&#039;s &amp; Co\" \/>\n<meta property=\"article:modified_time\" content=\"2019-02-28T13:54:41+00:00\" \/>\n<meta property=\"og:image\" content=\"https:\/\/www.sofys-traiteur.com\/blog\/wp-content\/uploads\/2019\/02\/VISUEL-PARTICULIERS_MARIAGE.jpg\" \/>\n<meta name=\"twitter:card\" content=\"summary_large_image\" \/>\n<meta name=\"twitter:label1\" content=\"Dur\u00e9e de lecture estim\u00e9e\" \/>\n\t<meta name=\"twitter:data1\" content=\"1 minute\" \/>\n<script type=\"application\/ld+json\" class=\"yoast-schema-graph\">{\"@context\":\"https:\/\/schema.org\",\"@graph\":[{\"@type\":\"WebPage\",\"@id\":\"https:\/\/www.sofys-traiteur.com\/blog\/organisation-evenements-mariage\/\",\"url\":\"https:\/\/www.sofys-traiteur.com\/blog\/organisation-evenements-mariage\/\",\"name\":\"Organisation mariage - Sofys&#039;s &amp; Co\",\"isPartOf\":{\"@id\":\"https:\/\/www.sofys-traiteur.com\/blog\/#website\"},\"primaryImageOfPage\":{\"@id\":\"https:\/\/www.sofys-traiteur.com\/blog\/organisation-evenements-mariage\/#primaryimage\"},\"image\":{\"@id\":\"https:\/\/www.sofys-traiteur.com\/blog\/organisation-evenements-mariage\/#primaryimage\"},\"thumbnailUrl\":\"https:\/\/www.sofys-traiteur.com\/blog\/wp-content\/uploads\/2019\/02\/VISUEL-PARTICULIERS_MARIAGE.jpg\",\"datePublished\":\"2019-02-28T13:50:08+00:00\",\"dateModified\":\"2019-02-28T13:54:41+00:00\",\"breadcrumb\":{\"@id\":\"https:\/\/www.sofys-traiteur.com\/blog\/organisation-evenements-mariage\/#breadcrumb\"},\"inLanguage\":\"fr-FR\",\"potentialAction\":[{\"@type\":\"ReadAction\",\"target\":[\"https:\/\/www.sofys-traiteur.com\/blog\/organisation-evenements-mariage\/\"]}]},{\"@type\":\"ImageObject\",\"inLanguage\":\"fr-FR\",\"@id\":\"https:\/\/www.sofys-traiteur.com\/blog\/organisation-evenements-mariage\/#primaryimage\",\"url\":\"\",\"contentUrl\":\"\"},{\"@type\":\"BreadcrumbList\",\"@id\":\"https:\/\/www.sofys-traiteur.com\/blog\/organisation-evenements-mariage\/#breadcrumb\",\"itemListElement\":[{\"@type\":\"ListItem\",\"position\":1,\"name\":\"Accueil\",\"item\":\"https:\/\/www.sofys-traiteur.com\/blog\/\"},{\"@type\":\"ListItem\",\"position\":2,\"name\":\"Organisation mariage\"}]},{\"@type\":\"WebSite\",\"@id\":\"https:\/\/www.sofys-traiteur.com\/blog\/#website\",\"url\":\"https:\/\/www.sofys-traiteur.com\/blog\/\",\"name\":\"Sofys&#039;s &amp; Co\",\"description\":\"Cr\u00e9ateur de saveurs authentiques\",\"potentialAction\":[{\"@type\":\"SearchAction\",\"target\":{\"@type\":\"EntryPoint\",\"urlTemplate\":\"https:\/\/www.sofys-traiteur.com\/blog\/?s={search_term_string}\"},\"query-input\":{\"@type\":\"PropertyValueSpecification\",\"valueRequired\":true,\"valueName\":\"search_term_string\"}}],\"inLanguage\":\"fr-FR\"}]}<\/script>\n<!-- \/ Yoast SEO plugin. -->","yoast_head_json":{"title":"Organisation mariage - Sofys&#039;s &amp; Co","robots":{"index":"index","follow":"follow","max-snippet":"max-snippet:-1","max-image-preview":"max-image-preview:large","max-video-preview":"max-video-preview:-1"},"canonical":"https:\/\/www.sofys-traiteur.com\/blog\/organisation-evenements-mariage\/","og_locale":"fr_FR","og_type":"article","og_title":"Organisation mariage - Sofys&#039;s &amp; Co","og_url":"https:\/\/www.sofys-traiteur.com\/blog\/organisation-evenements-mariage\/","og_site_name":"Sofys&#039;s &amp; Co","article_modified_time":"2019-02-28T13:54:41+00:00","og_image":[{"url":"https:\/\/www.sofys-traiteur.com\/blog\/wp-content\/uploads\/2019\/02\/VISUEL-PARTICULIERS_MARIAGE.jpg","type":"","width":"","height":""}],"twitter_card":"summary_large_image","twitter_misc":{"Dur\u00e9e de lecture estim\u00e9e":"1 minute"},"schema":{"@context":"https:\/\/schema.org","@graph":[{"@type":"WebPage","@id":"https:\/\/www.sofys-traiteur.com\/blog\/organisation-evenements-mariage\/","url":"https:\/\/www.sofys-traiteur.com\/blog\/organisation-evenements-mariage\/","name":"Organisation mariage - Sofys&#039;s &amp; Co","isPartOf":{"@id":"https:\/\/www.sofys-traiteur.com\/blog\/#website"},"primaryImageOfPage":{"@id":"https:\/\/www.sofys-traiteur.com\/blog\/organisation-evenements-mariage\/#primaryimage"},"image":{"@id":"https:\/\/www.sofys-traiteur.com\/blog\/organisation-evenements-mariage\/#primaryimage"},"thumbnailUrl":"https:\/\/www.sofys-traiteur.com\/blog\/wp-content\/uploads\/2019\/02\/VISUEL-PARTICULIERS_MARIAGE.jpg","datePublished":"2019-02-28T13:50:08+00:00","dateModified":"2019-02-28T13:54:41+00:00","breadcrumb":{"@id":"https:\/\/www.sofys-traiteur.com\/blog\/organisation-evenements-mariage\/#breadcrumb"},"inLanguage":"fr-FR","potentialAction":[{"@type":"ReadAction","target":["https:\/\/www.sofys-traiteur.com\/blog\/organisation-evenements-mariage\/"]}]},{"@type":"ImageObject","inLanguage":"fr-FR","@id":"https:\/\/www.sofys-traiteur.com\/blog\/organisation-evenements-mariage\/#primaryimage","url":"","contentUrl":""},{"@type":"BreadcrumbList","@id":"https:\/\/www.sofys-traiteur.com\/blog\/organisation-evenements-mariage\/#breadcrumb","itemListElement":[{"@type":"ListItem","position":1,"name":"Accueil","item":"https:\/\/www.sofys-traiteur.com\/blog\/"},{"@type":"ListItem","position":2,"name":"Organisation mariage"}]},{"@type":"WebSite","@id":"https:\/\/www.sofys-traiteur.com\/blog\/#website","url":"https:\/\/www.sofys-traiteur.com\/blog\/","name":"Sofys&#039;s &amp; Co","description":"Cr\u00e9ateur de saveurs authentiques","potentialAction":[{"@type":"SearchAction","target":{"@type":"EntryPoint","urlTemplate":"https:\/\/www.sofys-traiteur.com\/blog\/?s={search_term_string}"},"query-input":{"@type":"PropertyValueSpecification","valueRequired":true,"valueName":"search_term_string"}}],"inLanguage":"fr-FR"}]}},"_links":{"self":[{"href":"https:\/\/www.sofys-traiteur.com\/blog\/wp-json\/wp\/v2\/pages\/187","targetHints":{"allow":["GET"]}}],"collection":[{"href":"https:\/\/www.sofys-traiteur.com\/blog\/wp-json\/wp\/v2\/pages"}],"about":[{"href":"https:\/\/www.sofys-traiteur.com\/blog\/wp-json\/wp\/v2\/types\/page"}],"author":[{"embeddable":true,"href":"https:\/\/www.sofys-traiteur.com\/blog\/wp-json\/wp\/v2\/users\/1"}],"replies":[{"embeddable":true,"href":"https:\/\/www.sofys-traiteur.com\/blog\/wp-json\/wp\/v2\/comments?post=187"}],"version-history":[{"count":2,"href":"https:\/\/www.sofys-traiteur.com\/blog\/wp-json\/wp\/v2\/pages\/187\/revisions"}],"predecessor-version":[{"id":218,"href":"https:\/\/www.sofys-traiteur.com\/blog\/wp-json\/wp\/v2\/pages\/187\/revisions\/218"}],"wp:attachment":[{"href":"https:\/\/www.sofys-traiteur.com\/blog\/wp-json\/wp\/v2\/media?parent=187"}],"curies":[{"name":"wp","href":"https:\/\/api.w.org\/{rel}","templated":true}]}}