{"id":215,"date":"2019-02-28T14:56:18","date_gmt":"2019-02-28T13:56:18","guid":{"rendered":"https:\/\/www.sofys-traiteur.com\/blog\/?page_id=215"},"modified":"2019-02-28T14:56:18","modified_gmt":"2019-02-28T13:56:18","slug":"organisation-evenements-baptemes-et-communions","status":"publish","type":"page","link":"https:\/\/www.sofys-traiteur.com\/blog\/organisation-evenements-baptemes-et-communions\/","title":{"rendered":"Organisation bapt\u00eames et communions"},"content":{"rendered":"<div class=\"row organisation-evenements\">\n<div class=\"col-md-3\">\n<img loading=\"lazy\" decoding=\"async\" class=\"alignnone wp-image-220 size-medium  img-responsive\" src=\"https:\/\/www.sofys-traiteur.com\/blog\/wp-content\/uploads\/2019\/02\/bapt&#xEA;me-200x300.jpg\" alt=\"\" width=\"200\" height=\"300\">\n<\/div>\n<div class=\"col-md-6\">\n<p style=\"text-align: center;\"><a href=\"\/traiteur\/demande-de-devis\" class=\"btn btn-primary btn-md\">Demander un devis sur mesure<\/a>\n<p>Plusieurs formules de d\u00e9jeuners buffets froids et chauds avec saumon bio sauce gravlax, salade de tomates cerise au miel de Niaouli, cr\u00e9meux de framboise crumble aux abricots et thym, ou petits fours chauds et froids pour des petites bouch\u00e9es gourmandes.Des g\u00e2teaux de f\u00eates sont \u00e0 votre disposition quelles que soient la taille et la saison !Nous nous adaptons aux diff\u00e9rentes demandes de nos clients : repas sans porc, sans crustac\u00e9s, v\u00e9g\u00e9tarien pour tout ou partie des invit\u00e9s. Sollicitez votre traiteur sur-mesure qui fera le maximum pour vous satisfaire.<\/p>\n<p style=\"text-align: center;\"><a href=\"\/traiteur\/demande-de-devis\" class=\"btn btn-primary btn-md\">Demander un devis sur mesure<\/a>\n<\/div>\n<div class=\"col-md-3\">\n<img loading=\"lazy\" decoding=\"async\" class=\"alignnone wp-image-221 size-medium  img-responsive\" src=\"https:\/\/www.sofys-traiteur.com\/blog\/wp-content\/uploads\/2019\/02\/communion-200x300.jpg\" alt=\"\" width=\"200\" height=\"300\">\n<\/div>\n<\/div>\n","protected":false},"excerpt":{"rendered":"","protected":false},"author":1,"featured_media":0,"parent":0,"menu_order":0,"comment_status":"closed","ping_status":"closed","template":"","meta":{"footnotes":""},"class_list":["post-215","page","type-page","status-publish","hentry"],"aioseo_notices":[],"yoast_head":"<!-- This site is optimized with the Yoast SEO plugin v26.5 - https:\/\/yoast.com\/wordpress\/plugins\/seo\/ -->\n<title>Organisation bapt\u00eames et communions - Sofys&#039;s &amp; Co<\/title>\n<meta name=\"robots\" content=\"index, follow, max-snippet:-1, max-image-preview:large, max-video-preview:-1\" \/>\n<link rel=\"canonical\" href=\"https:\/\/www.sofys-traiteur.com\/blog\/organisation-evenements-baptemes-et-communions\/\" \/>\n<meta property=\"og:locale\" content=\"fr_FR\" \/>\n<meta property=\"og:type\" content=\"article\" \/>\n<meta property=\"og:title\" content=\"Organisation bapt\u00eames et communions - Sofys&#039;s &amp; Co\" \/>\n<meta property=\"og:url\" content=\"https:\/\/www.sofys-traiteur.com\/blog\/organisation-evenements-baptemes-et-communions\/\" \/>\n<meta property=\"og:site_name\" content=\"Sofys&#039;s &amp; Co\" \/>\n<meta property=\"og:image\" content=\"https:\/\/www.sofys-traiteur.com\/blog\/wp-content\/uploads\/2019\/02\/communion-200x300.jpg\" \/>\n<meta name=\"twitter:card\" content=\"summary_large_image\" \/>\n<meta name=\"twitter:label1\" content=\"Dur\u00e9e de lecture estim\u00e9e\" \/>\n\t<meta name=\"twitter:data1\" content=\"1 minute\" \/>\n<script type=\"application\/ld+json\" class=\"yoast-schema-graph\">{\"@context\":\"https:\/\/schema.org\",\"@graph\":[{\"@type\":\"WebPage\",\"@id\":\"https:\/\/www.sofys-traiteur.com\/blog\/organisation-evenements-baptemes-et-communions\/\",\"url\":\"https:\/\/www.sofys-traiteur.com\/blog\/organisation-evenements-baptemes-et-communions\/\",\"name\":\"Organisation bapt\u00eames et communions - Sofys&#039;s &amp; Co\",\"isPartOf\":{\"@id\":\"https:\/\/www.sofys-traiteur.com\/blog\/#website\"},\"primaryImageOfPage\":{\"@id\":\"https:\/\/www.sofys-traiteur.com\/blog\/organisation-evenements-baptemes-et-communions\/#primaryimage\"},\"image\":{\"@id\":\"https:\/\/www.sofys-traiteur.com\/blog\/organisation-evenements-baptemes-et-communions\/#primaryimage\"},\"thumbnailUrl\":\"https:\/\/www.sofys-traiteur.com\/blog\/wp-content\/uploads\/2019\/02\/communion-200x300.jpg\",\"datePublished\":\"2019-02-28T13:56:18+00:00\",\"breadcrumb\":{\"@id\":\"https:\/\/www.sofys-traiteur.com\/blog\/organisation-evenements-baptemes-et-communions\/#breadcrumb\"},\"inLanguage\":\"fr-FR\",\"potentialAction\":[{\"@type\":\"ReadAction\",\"target\":[\"https:\/\/www.sofys-traiteur.com\/blog\/organisation-evenements-baptemes-et-communions\/\"]}]},{\"@type\":\"ImageObject\",\"inLanguage\":\"fr-FR\",\"@id\":\"https:\/\/www.sofys-traiteur.com\/blog\/organisation-evenements-baptemes-et-communions\/#primaryimage\",\"url\":\"https:\/\/www.sofys-traiteur.com\/blog\/wp-content\/uploads\/2019\/02\/communion.jpg\",\"contentUrl\":\"https:\/\/www.sofys-traiteur.com\/blog\/wp-content\/uploads\/2019\/02\/communion.jpg\",\"width\":200,\"height\":300},{\"@type\":\"BreadcrumbList\",\"@id\":\"https:\/\/www.sofys-traiteur.com\/blog\/organisation-evenements-baptemes-et-communions\/#breadcrumb\",\"itemListElement\":[{\"@type\":\"ListItem\",\"position\":1,\"name\":\"Accueil\",\"item\":\"https:\/\/www.sofys-traiteur.com\/blog\/\"},{\"@type\":\"ListItem\",\"position\":2,\"name\":\"Organisation bapt\u00eames et communions\"}]},{\"@type\":\"WebSite\",\"@id\":\"https:\/\/www.sofys-traiteur.com\/blog\/#website\",\"url\":\"https:\/\/www.sofys-traiteur.com\/blog\/\",\"name\":\"Sofys&#039;s &amp; Co\",\"description\":\"Cr\u00e9ateur de saveurs authentiques\",\"potentialAction\":[{\"@type\":\"SearchAction\",\"target\":{\"@type\":\"EntryPoint\",\"urlTemplate\":\"https:\/\/www.sofys-traiteur.com\/blog\/?s={search_term_string}\"},\"query-input\":{\"@type\":\"PropertyValueSpecification\",\"valueRequired\":true,\"valueName\":\"search_term_string\"}}],\"inLanguage\":\"fr-FR\"}]}<\/script>\n<!-- \/ Yoast SEO plugin. -->","yoast_head_json":{"title":"Organisation bapt\u00eames et communions - Sofys&#039;s &amp; Co","robots":{"index":"index","follow":"follow","max-snippet":"max-snippet:-1","max-image-preview":"max-image-preview:large","max-video-preview":"max-video-preview:-1"},"canonical":"https:\/\/www.sofys-traiteur.com\/blog\/organisation-evenements-baptemes-et-communions\/","og_locale":"fr_FR","og_type":"article","og_title":"Organisation bapt\u00eames et communions - Sofys&#039;s &amp; Co","og_url":"https:\/\/www.sofys-traiteur.com\/blog\/organisation-evenements-baptemes-et-communions\/","og_site_name":"Sofys&#039;s &amp; Co","og_image":[{"url":"https:\/\/www.sofys-traiteur.com\/blog\/wp-content\/uploads\/2019\/02\/communion-200x300.jpg","type":"","width":"","height":""}],"twitter_card":"summary_large_image","twitter_misc":{"Dur\u00e9e de lecture estim\u00e9e":"1 minute"},"schema":{"@context":"https:\/\/schema.org","@graph":[{"@type":"WebPage","@id":"https:\/\/www.sofys-traiteur.com\/blog\/organisation-evenements-baptemes-et-communions\/","url":"https:\/\/www.sofys-traiteur.com\/blog\/organisation-evenements-baptemes-et-communions\/","name":"Organisation bapt\u00eames et communions - Sofys&#039;s &amp; Co","isPartOf":{"@id":"https:\/\/www.sofys-traiteur.com\/blog\/#website"},"primaryImageOfPage":{"@id":"https:\/\/www.sofys-traiteur.com\/blog\/organisation-evenements-baptemes-et-communions\/#primaryimage"},"image":{"@id":"https:\/\/www.sofys-traiteur.com\/blog\/organisation-evenements-baptemes-et-communions\/#primaryimage"},"thumbnailUrl":"https:\/\/www.sofys-traiteur.com\/blog\/wp-content\/uploads\/2019\/02\/communion-200x300.jpg","datePublished":"2019-02-28T13:56:18+00:00","breadcrumb":{"@id":"https:\/\/www.sofys-traiteur.com\/blog\/organisation-evenements-baptemes-et-communions\/#breadcrumb"},"inLanguage":"fr-FR","potentialAction":[{"@type":"ReadAction","target":["https:\/\/www.sofys-traiteur.com\/blog\/organisation-evenements-baptemes-et-communions\/"]}]},{"@type":"ImageObject","inLanguage":"fr-FR","@id":"https:\/\/www.sofys-traiteur.com\/blog\/organisation-evenements-baptemes-et-communions\/#primaryimage","url":"https:\/\/www.sofys-traiteur.com\/blog\/wp-content\/uploads\/2019\/02\/communion.jpg","contentUrl":"https:\/\/www.sofys-traiteur.com\/blog\/wp-content\/uploads\/2019\/02\/communion.jpg","width":200,"height":300},{"@type":"BreadcrumbList","@id":"https:\/\/www.sofys-traiteur.com\/blog\/organisation-evenements-baptemes-et-communions\/#breadcrumb","itemListElement":[{"@type":"ListItem","position":1,"name":"Accueil","item":"https:\/\/www.sofys-traiteur.com\/blog\/"},{"@type":"ListItem","position":2,"name":"Organisation bapt\u00eames et communions"}]},{"@type":"WebSite","@id":"https:\/\/www.sofys-traiteur.com\/blog\/#website","url":"https:\/\/www.sofys-traiteur.com\/blog\/","name":"Sofys&#039;s &amp; Co","description":"Cr\u00e9ateur de saveurs authentiques","potentialAction":[{"@type":"SearchAction","target":{"@type":"EntryPoint","urlTemplate":"https:\/\/www.sofys-traiteur.com\/blog\/?s={search_term_string}"},"query-input":{"@type":"PropertyValueSpecification","valueRequired":true,"valueName":"search_term_string"}}],"inLanguage":"fr-FR"}]}},"_links":{"self":[{"href":"https:\/\/www.sofys-traiteur.com\/blog\/wp-json\/wp\/v2\/pages\/215","targetHints":{"allow":["GET"]}}],"collection":[{"href":"https:\/\/www.sofys-traiteur.com\/blog\/wp-json\/wp\/v2\/pages"}],"about":[{"href":"https:\/\/www.sofys-traiteur.com\/blog\/wp-json\/wp\/v2\/types\/page"}],"author":[{"embeddable":true,"href":"https:\/\/www.sofys-traiteur.com\/blog\/wp-json\/wp\/v2\/users\/1"}],"replies":[{"embeddable":true,"href":"https:\/\/www.sofys-traiteur.com\/blog\/wp-json\/wp\/v2\/comments?post=215"}],"version-history":[{"count":2,"href":"https:\/\/www.sofys-traiteur.com\/blog\/wp-json\/wp\/v2\/pages\/215\/revisions"}],"predecessor-version":[{"id":222,"href":"https:\/\/www.sofys-traiteur.com\/blog\/wp-json\/wp\/v2\/pages\/215\/revisions\/222"}],"wp:attachment":[{"href":"https:\/\/www.sofys-traiteur.com\/blog\/wp-json\/wp\/v2\/media?parent=215"}],"curies":[{"name":"wp","href":"https:\/\/api.w.org\/{rel}","templated":true}]}}