{"id":224,"date":"2019-03-11T10:44:48","date_gmt":"2019-03-11T09:44:48","guid":{"rendered":"https:\/\/www.sofys-traiteur.com\/blog\/?page_id=224"},"modified":"2019-03-11T10:44:48","modified_gmt":"2019-03-11T09:44:48","slug":"organisation-soirees-entre-amis","status":"publish","type":"page","link":"https:\/\/www.sofys-traiteur.com\/blog\/organisation-soirees-entre-amis\/","title":{"rendered":"Organisation soir\u00e9es entre amis"},"content":{"rendered":"<div class=\"row organisation-evenements\">\n<div class=\"col-md-3\">\n<img loading=\"lazy\" decoding=\"async\" class=\"alignnone wp-image-227 size-full  img-responsive\" src=\"https:\/\/www.sofys-traiteur.com\/blog\/wp-content\/uploads\/2019\/03\/PARTICULIERS_APERO-DINATOIRE2.jpg\" alt=\"\" width=\"200\" height=\"274\">\n<\/div>\n<div class=\"col-md-6\">\n<p style=\"text-align: center;\"><a href=\"\/traiteur\/demande-de-devis\" class=\"btn btn-primary btn-md\">Demander un devis sur mesure<\/a>\n<p>&nbsp;<br \/>\nIl n\u2019y a pas que les occasions majeures pour se r\u00e9unir. De la famille que l\u2019on retrouve ou des amis que l\u2019on a plaisir \u00e0 inviter pour une soir\u00e9e de rires , Sofy\u2019s and CO a agr\u00e9ment\u00e9 sa gamme d\u2019offres \u00e0 partager en toute simplicit\u00e9 avec, si vous le souhaitez, un service de ma\u00eetres d\u2019h\u00f4tel qui vous permettra de profiter totalement de vos invit\u00e9s.<br \/>\n&nbsp;<\/p>\n<p style=\"text-align: center;\"><a href=\"\/traiteur\/demande-de-devis\" class=\"btn btn-primary btn-md\">Demander un devis sur mesure<\/a>\n<\/div>\n<div class=\"col-md-3\">\n<img loading=\"lazy\" decoding=\"async\" class=\"alignnone wp-image-226 size-full  img-responsive\" src=\"https:\/\/www.sofys-traiteur.com\/blog\/wp-content\/uploads\/2019\/03\/PARTICULIERS_APERO-DINATOIRE.jpg\" alt=\"\" width=\"200\" height=\"274\">\n<\/div>\n<\/div>\n","protected":false},"excerpt":{"rendered":"","protected":false},"author":1,"featured_media":0,"parent":0,"menu_order":0,"comment_status":"closed","ping_status":"closed","template":"","meta":{"footnotes":""},"class_list":["post-224","page","type-page","status-publish","hentry"],"aioseo_notices":[],"yoast_head":"<!-- This site is optimized with the Yoast SEO plugin v26.5 - https:\/\/yoast.com\/wordpress\/plugins\/seo\/ -->\n<title>Organisation soir\u00e9es entre amis - Sofys&#039;s &amp; Co<\/title>\n<meta name=\"robots\" content=\"index, follow, max-snippet:-1, max-image-preview:large, max-video-preview:-1\" \/>\n<link rel=\"canonical\" href=\"https:\/\/www.sofys-traiteur.com\/blog\/organisation-soirees-entre-amis\/\" \/>\n<meta property=\"og:locale\" content=\"fr_FR\" \/>\n<meta property=\"og:type\" content=\"article\" \/>\n<meta property=\"og:title\" content=\"Organisation soir\u00e9es entre amis - Sofys&#039;s &amp; Co\" \/>\n<meta property=\"og:url\" content=\"https:\/\/www.sofys-traiteur.com\/blog\/organisation-soirees-entre-amis\/\" \/>\n<meta property=\"og:site_name\" content=\"Sofys&#039;s &amp; Co\" \/>\n<meta property=\"og:image\" content=\"https:\/\/www.sofys-traiteur.com\/blog\/wp-content\/uploads\/2019\/03\/PARTICULIERS_APERO-DINATOIRE2.jpg\" \/>\n<meta name=\"twitter:card\" content=\"summary_large_image\" \/>\n<meta name=\"twitter:label1\" content=\"Dur\u00e9e de lecture estim\u00e9e\" \/>\n\t<meta name=\"twitter:data1\" content=\"1 minute\" \/>\n<script type=\"application\/ld+json\" class=\"yoast-schema-graph\">{\"@context\":\"https:\/\/schema.org\",\"@graph\":[{\"@type\":\"WebPage\",\"@id\":\"https:\/\/www.sofys-traiteur.com\/blog\/organisation-soirees-entre-amis\/\",\"url\":\"https:\/\/www.sofys-traiteur.com\/blog\/organisation-soirees-entre-amis\/\",\"name\":\"Organisation soir\u00e9es entre amis - Sofys&#039;s &amp; Co\",\"isPartOf\":{\"@id\":\"https:\/\/www.sofys-traiteur.com\/blog\/#website\"},\"primaryImageOfPage\":{\"@id\":\"https:\/\/www.sofys-traiteur.com\/blog\/organisation-soirees-entre-amis\/#primaryimage\"},\"image\":{\"@id\":\"https:\/\/www.sofys-traiteur.com\/blog\/organisation-soirees-entre-amis\/#primaryimage\"},\"thumbnailUrl\":\"https:\/\/www.sofys-traiteur.com\/blog\/wp-content\/uploads\/2019\/03\/PARTICULIERS_APERO-DINATOIRE2.jpg\",\"datePublished\":\"2019-03-11T09:44:48+00:00\",\"breadcrumb\":{\"@id\":\"https:\/\/www.sofys-traiteur.com\/blog\/organisation-soirees-entre-amis\/#breadcrumb\"},\"inLanguage\":\"fr-FR\",\"potentialAction\":[{\"@type\":\"ReadAction\",\"target\":[\"https:\/\/www.sofys-traiteur.com\/blog\/organisation-soirees-entre-amis\/\"]}]},{\"@type\":\"ImageObject\",\"inLanguage\":\"fr-FR\",\"@id\":\"https:\/\/www.sofys-traiteur.com\/blog\/organisation-soirees-entre-amis\/#primaryimage\",\"url\":\"https:\/\/www.sofys-traiteur.com\/blog\/wp-content\/uploads\/2019\/03\/PARTICULIERS_APERO-DINATOIRE2.jpg\",\"contentUrl\":\"https:\/\/www.sofys-traiteur.com\/blog\/wp-content\/uploads\/2019\/03\/PARTICULIERS_APERO-DINATOIRE2.jpg\",\"width\":200,\"height\":274},{\"@type\":\"BreadcrumbList\",\"@id\":\"https:\/\/www.sofys-traiteur.com\/blog\/organisation-soirees-entre-amis\/#breadcrumb\",\"itemListElement\":[{\"@type\":\"ListItem\",\"position\":1,\"name\":\"Accueil\",\"item\":\"https:\/\/www.sofys-traiteur.com\/blog\/\"},{\"@type\":\"ListItem\",\"position\":2,\"name\":\"Organisation soir\u00e9es entre amis\"}]},{\"@type\":\"WebSite\",\"@id\":\"https:\/\/www.sofys-traiteur.com\/blog\/#website\",\"url\":\"https:\/\/www.sofys-traiteur.com\/blog\/\",\"name\":\"Sofys&#039;s &amp; Co\",\"description\":\"Cr\u00e9ateur de saveurs authentiques\",\"potentialAction\":[{\"@type\":\"SearchAction\",\"target\":{\"@type\":\"EntryPoint\",\"urlTemplate\":\"https:\/\/www.sofys-traiteur.com\/blog\/?s={search_term_string}\"},\"query-input\":{\"@type\":\"PropertyValueSpecification\",\"valueRequired\":true,\"valueName\":\"search_term_string\"}}],\"inLanguage\":\"fr-FR\"}]}<\/script>\n<!-- \/ Yoast SEO plugin. -->","yoast_head_json":{"title":"Organisation soir\u00e9es entre amis - Sofys&#039;s &amp; Co","robots":{"index":"index","follow":"follow","max-snippet":"max-snippet:-1","max-image-preview":"max-image-preview:large","max-video-preview":"max-video-preview:-1"},"canonical":"https:\/\/www.sofys-traiteur.com\/blog\/organisation-soirees-entre-amis\/","og_locale":"fr_FR","og_type":"article","og_title":"Organisation soir\u00e9es entre amis - Sofys&#039;s &amp; Co","og_url":"https:\/\/www.sofys-traiteur.com\/blog\/organisation-soirees-entre-amis\/","og_site_name":"Sofys&#039;s &amp; Co","og_image":[{"url":"https:\/\/www.sofys-traiteur.com\/blog\/wp-content\/uploads\/2019\/03\/PARTICULIERS_APERO-DINATOIRE2.jpg","type":"","width":"","height":""}],"twitter_card":"summary_large_image","twitter_misc":{"Dur\u00e9e de lecture estim\u00e9e":"1 minute"},"schema":{"@context":"https:\/\/schema.org","@graph":[{"@type":"WebPage","@id":"https:\/\/www.sofys-traiteur.com\/blog\/organisation-soirees-entre-amis\/","url":"https:\/\/www.sofys-traiteur.com\/blog\/organisation-soirees-entre-amis\/","name":"Organisation soir\u00e9es entre amis - Sofys&#039;s &amp; Co","isPartOf":{"@id":"https:\/\/www.sofys-traiteur.com\/blog\/#website"},"primaryImageOfPage":{"@id":"https:\/\/www.sofys-traiteur.com\/blog\/organisation-soirees-entre-amis\/#primaryimage"},"image":{"@id":"https:\/\/www.sofys-traiteur.com\/blog\/organisation-soirees-entre-amis\/#primaryimage"},"thumbnailUrl":"https:\/\/www.sofys-traiteur.com\/blog\/wp-content\/uploads\/2019\/03\/PARTICULIERS_APERO-DINATOIRE2.jpg","datePublished":"2019-03-11T09:44:48+00:00","breadcrumb":{"@id":"https:\/\/www.sofys-traiteur.com\/blog\/organisation-soirees-entre-amis\/#breadcrumb"},"inLanguage":"fr-FR","potentialAction":[{"@type":"ReadAction","target":["https:\/\/www.sofys-traiteur.com\/blog\/organisation-soirees-entre-amis\/"]}]},{"@type":"ImageObject","inLanguage":"fr-FR","@id":"https:\/\/www.sofys-traiteur.com\/blog\/organisation-soirees-entre-amis\/#primaryimage","url":"https:\/\/www.sofys-traiteur.com\/blog\/wp-content\/uploads\/2019\/03\/PARTICULIERS_APERO-DINATOIRE2.jpg","contentUrl":"https:\/\/www.sofys-traiteur.com\/blog\/wp-content\/uploads\/2019\/03\/PARTICULIERS_APERO-DINATOIRE2.jpg","width":200,"height":274},{"@type":"BreadcrumbList","@id":"https:\/\/www.sofys-traiteur.com\/blog\/organisation-soirees-entre-amis\/#breadcrumb","itemListElement":[{"@type":"ListItem","position":1,"name":"Accueil","item":"https:\/\/www.sofys-traiteur.com\/blog\/"},{"@type":"ListItem","position":2,"name":"Organisation soir\u00e9es entre amis"}]},{"@type":"WebSite","@id":"https:\/\/www.sofys-traiteur.com\/blog\/#website","url":"https:\/\/www.sofys-traiteur.com\/blog\/","name":"Sofys&#039;s &amp; Co","description":"Cr\u00e9ateur de saveurs authentiques","potentialAction":[{"@type":"SearchAction","target":{"@type":"EntryPoint","urlTemplate":"https:\/\/www.sofys-traiteur.com\/blog\/?s={search_term_string}"},"query-input":{"@type":"PropertyValueSpecification","valueRequired":true,"valueName":"search_term_string"}}],"inLanguage":"fr-FR"}]}},"_links":{"self":[{"href":"https:\/\/www.sofys-traiteur.com\/blog\/wp-json\/wp\/v2\/pages\/224","targetHints":{"allow":["GET"]}}],"collection":[{"href":"https:\/\/www.sofys-traiteur.com\/blog\/wp-json\/wp\/v2\/pages"}],"about":[{"href":"https:\/\/www.sofys-traiteur.com\/blog\/wp-json\/wp\/v2\/types\/page"}],"author":[{"embeddable":true,"href":"https:\/\/www.sofys-traiteur.com\/blog\/wp-json\/wp\/v2\/users\/1"}],"replies":[{"embeddable":true,"href":"https:\/\/www.sofys-traiteur.com\/blog\/wp-json\/wp\/v2\/comments?post=224"}],"version-history":[{"count":3,"href":"https:\/\/www.sofys-traiteur.com\/blog\/wp-json\/wp\/v2\/pages\/224\/revisions"}],"predecessor-version":[{"id":230,"href":"https:\/\/www.sofys-traiteur.com\/blog\/wp-json\/wp\/v2\/pages\/224\/revisions\/230"}],"wp:attachment":[{"href":"https:\/\/www.sofys-traiteur.com\/blog\/wp-json\/wp\/v2\/media?parent=224"}],"curies":[{"name":"wp","href":"https:\/\/api.w.org\/{rel}","templated":true}]}}