{"id":297,"date":"2019-06-28T12:15:08","date_gmt":"2019-06-28T10:15:08","guid":{"rendered":"https:\/\/www.sofys-traiteur.com\/blog\/?page_id=297"},"modified":"2025-09-18T11:52:52","modified_gmt":"2025-09-18T09:52:52","slug":"organisation-evenements","status":"publish","type":"page","link":"https:\/\/www.sofys-traiteur.com\/blog\/organisation-evenements\/","title":{"rendered":"Organisation d\u2019\u00e9v\u00e9nements sur mesure"},"content":{"rendered":"<div class=\"row organisation-evenements2\">\n<div class=\"col-xs-12\">\n<p style=\"text-align: center;\"><a href=\"\/traiteur\/demande-de-devis\" class=\"btn btn-primary btn-md\">Demander un devis sur mesure<\/a>\n<\/div>\n<\/div>\n<div class=\"row organisation-evenements2\">\n<div class=\"col-md-6 col-xs-12\">\n<img loading=\"lazy\" decoding=\"async\" class=\"alignnone wp-image-648 size-full  img-responsive\" src=\"https:\/\/www.sofys-traiteur.com\/blog\/wp-content\/uploads\/2025\/09\/traiteur-paris.png\" alt=\"\" width=\"600\" height=\"651\" srcset=\"https:\/\/www.sofys-traiteur.com\/blog\/wp-content\/uploads\/2025\/09\/traiteur-paris.png 600w, https:\/\/www.sofys-traiteur.com\/blog\/wp-content\/uploads\/2025\/09\/traiteur-paris-276x300.png 276w\" sizes=\"auto, (max-width: 600px) 100vw, 600px\" \/>\n<\/div>\n<div class=\"col-md-6 col-xs-12 organisation-evenements-valign-middle\">\n<div>\n<h5>Sofy&rsquo;s, organisateur d&rsquo;\u00e9v\u00e8nements sur-mesure<\/h5>\n<p>Le service \u00e9v\u00e9nementiel de Sofy\u2019s&amp;CO organise tout au long de l\u2019ann\u00e9e des r\u00e9ceptions pour les grandes administrations fran\u00e7aises, les entreprises et les particuliers. Tout le savoir-faire du traiteur est requis pour r\u00e9ussir ces moments tant attendus par nos clients. Le succ\u00e8s passe par une bonne appr\u00e9hension des besoins, une \u00e9coute attentive du client et la retransmission des exigences aux \u00e9quipes internes. Le chef de projet Sofy\u2019s and CO doit \u00eatre en empathie totale avec l\u2019organisateur client tout au long de la pr\u00e9paration jusqu\u2019au jour J. Le traiteur sur-mesure met en marche les sp\u00e9cialistes \u00ab sourceurs de lieux \u00bb afin de chercher le plus bel endroit pour l\u2019organisation d\u2019\u00e9v\u00e9nement : pour la r\u00e9ception, l\u2019art de ses cuisiniers, ses \u00e9quipes de service et sa logistique, sans oublier les d\u00e9corateurs et les fleuristes.<br \/>\nSoucieux de s\u2019adapter aux normes sanitaires et au confort des invit\u00e9s, nos chefs ont cr\u00e9e le produit Grand Ecrin : finger food complet pour une personne en bo\u00eete individualis\u00e9.<\/p>\n<\/div>\n<\/div>\n<\/div>\n<div class=\"row organisation-evenements2\">\n<div class=\"col-xs-12\">\n<h2>SOFY\u2019S traiteur sur-mesure pour les entreprises<\/h2>\n<h4>Votre traiteur est sp\u00e9cialis\u00e9 dans l\u2019organisation d\u2019\u00e9v\u00e9nements professionnels tels que :<\/h4>\n<\/div>\n<\/div>\n<div class=\"row organisation-evenements2\">\n<div class=\"col-md-6 col-xs-12 organisation-evenements-valign-middle\">\n<div>\n<h5>Des s\u00e9minaires de travail<\/h5>\n<p>Des s\u00e9minaires de travail demandant petits-d\u00e9jeuners d\u2019accueil avec les traditionnels caf\u00e9 et viennoiseries mais aussi des produits plus originaux et healthy : fromage blanc, a\u00e7a\u00ef et muesli, brochettes de fruits, cakes aux agrumes, etc.)Vous pouvez profiter des pauses avec les moelleux maison, le cocktail d\u00e9jeunatoires et ses produits tailles XXL : brochettes salsifis \u00e0 l\u2019huile de noisette, magret fum\u00e9, pickles d\u2019oignons rouges, briochins au crabe sauce cocktail et pamplemousse.Savourez desserts lunch maison : compot\u00e9e d\u2019hiver, mousse au chocolat , fleur de sel et des cocktails de cl\u00f4ture pour mettre un point final \u00e0 une dure journ\u00e9e de travail dans la bonne humeur autour d\u2019une coupe de champagne.<\/p>\n<\/div>\n<\/div>\n<div class=\"col-md-6 col-xs-12\">\n<img loading=\"lazy\" decoding=\"async\" class=\"alignnone wp-image-339 size-full  img-responsive\" src=\"https:\/\/www.sofys-traiteur.com\/blog\/wp-content\/uploads\/2019\/07\/page-11-27102016.jpg\" alt=\"\" width=\"600\" height=\"650\" srcset=\"https:\/\/www.sofys-traiteur.com\/blog\/wp-content\/uploads\/2019\/07\/page-11-27102016.jpg 600w, https:\/\/www.sofys-traiteur.com\/blog\/wp-content\/uploads\/2019\/07\/page-11-27102016-277x300.jpg 277w\" sizes=\"auto, (max-width: 600px) 100vw, 600px\" \/>\n<\/div>\n<\/div>\n<div class=\"row organisation-evenements2\">\n<div class=\"col-md-6 col-xs-12\">\n<img loading=\"lazy\" decoding=\"async\" class=\"alignnone wp-image-335 size-full  img-responsive\" src=\"https:\/\/www.sofys-traiteur.com\/blog\/wp-content\/uploads\/2019\/07\/page-14-17112016.jpg\" alt=\"\" width=\"600\" height=\"650\" srcset=\"https:\/\/www.sofys-traiteur.com\/blog\/wp-content\/uploads\/2019\/07\/page-14-17112016.jpg 600w, https:\/\/www.sofys-traiteur.com\/blog\/wp-content\/uploads\/2019\/07\/page-14-17112016-277x300.jpg 277w\" sizes=\"auto, (max-width: 600px) 100vw, 600px\" \/>\n<\/div>\n<div class=\"col-md-6 col-xs-12 organisation-evenements-valign-middle\">\n<div>\n<h5>F\u00eates de No\u00ebl<\/h5>\n<p>Des Christmas party festives dans des lieux souvent ext\u00e9rieurs \u00e0 l\u2019entreprise. Sofy\u2019s and CO, traiteur sur-mesure, est force de proposition pour vous aider \u00e0 trouver le lieu qui \u00e9tonnera vos invit\u00e9s et organiser l\u2019\u00e9v\u00e8nement de l\u2019ann\u00e9e.<\/p>\n<\/div>\n<\/div>\n<\/div>\n<div class=\"row organisation-evenements2\">\n<div class=\"col-md-6 col-xs-12 organisation-evenements-valign-middle\">\n<div>\n<h5>Voeux de fin d&rsquo;ann\u00e9e<\/h5>\n<p>Des voeux de fin d\u2019ann\u00e9e : discours du pr\u00e9sident suivi d\u2019un cocktail d\u00e9jeunatoire chaud avec des bo\u00eetes en bois : pintade au choux, minute de saumon sauce Nantua et pi\u00e8ces cocktail chaudes : cromesquis, goug\u00e8res et autres sp\u00e9cialit\u00e9s.<\/p>\n<\/div>\n<\/div>\n<div class=\"col-md-6 col-xs-12\">\n<img loading=\"lazy\" decoding=\"async\" class=\"alignnone wp-image-355 size-full  img-responsive\" src=\"https:\/\/www.sofys-traiteur.com\/blog\/wp-content\/uploads\/2019\/07\/page-9-27102016.jpg\" alt=\"\" width=\"600\" height=\"650\" srcset=\"https:\/\/www.sofys-traiteur.com\/blog\/wp-content\/uploads\/2019\/07\/page-9-27102016.jpg 600w, https:\/\/www.sofys-traiteur.com\/blog\/wp-content\/uploads\/2019\/07\/page-9-27102016-277x300.jpg 277w\" sizes=\"auto, (max-width: 600px) 100vw, 600px\" \/>\n<\/div>\n<\/div>\n<div class=\"row organisation-evenements2\">\n<div class=\"col-md-6 col-xs-12\">\n<img loading=\"lazy\" decoding=\"async\" class=\"alignnone wp-image-341 size-full  img-responsive\" src=\"https:\/\/www.sofys-traiteur.com\/blog\/wp-content\/uploads\/2019\/07\/page-12-22122016.jpg\" alt=\"\" width=\"600\" height=\"650\" srcset=\"https:\/\/www.sofys-traiteur.com\/blog\/wp-content\/uploads\/2019\/07\/page-12-22122016.jpg 600w, https:\/\/www.sofys-traiteur.com\/blog\/wp-content\/uploads\/2019\/07\/page-12-22122016-277x300.jpg 277w\" sizes=\"auto, (max-width: 600px) 100vw, 600px\" \/>\n<\/div>\n<div class=\"col-md-6 col-xs-12 organisation-evenements-valign-middle\">\n<div>\n<h5>Salons professionnels<\/h5>\n<p>Des salons professionnels avec une organisation d\u2019\u00e9v\u00e9nement mixant des petits d\u00e9jeuners, des plateaux repas et cocktail de fin de journ\u00e9e avec animation Spritz ou Mojito.<\/p>\n<\/div>\n<\/div>\n<\/div>\n<div class=\"row organisation-evenements2\">\n<div class=\"col-md-6 col-xs-12 organisation-evenements-valign-middle\">\n<div>\n<h5>\u00c9v\u00e8nements d&rsquo;entreprise<\/h5>\n<p>Des anniversaires d\u2019entreprises se f\u00eatant avec des cocktails raffin\u00e9s et des animations : d\u00e9coupe de Saint-Jacques aux fruits de la passion, millefeuille au m\u00e8tre et open bar pour une soir\u00e9e dansante au bout de la nuit.<\/p>\n<\/div>\n<\/div>\n<div class=\"col-md-6 col-xs-12\">\n<img loading=\"lazy\" decoding=\"async\" class=\"alignnone wp-image-359 size-full  img-responsive\" src=\"https:\/\/www.sofys-traiteur.com\/blog\/wp-content\/uploads\/2019\/07\/page-8-27102016.jpg\" alt=\"\" width=\"600\" height=\"650\" srcset=\"https:\/\/www.sofys-traiteur.com\/blog\/wp-content\/uploads\/2019\/07\/page-8-27102016.jpg 600w, https:\/\/www.sofys-traiteur.com\/blog\/wp-content\/uploads\/2019\/07\/page-8-27102016-277x300.jpg 277w\" sizes=\"auto, (max-width: 600px) 100vw, 600px\" \/>\n<\/div>\n<\/div>\n<div class=\"row organisation-evenements2\">\n<div class=\"col-md-6 col-xs-12\">\n<img loading=\"lazy\" decoding=\"async\" class=\"alignnone wp-image-346 size-full  img-responsive\" src=\"https:\/\/www.sofys-traiteur.com\/blog\/wp-content\/uploads\/2019\/07\/page-16-27102016.jpg\" alt=\"\" width=\"840\" height=\"650\" srcset=\"https:\/\/www.sofys-traiteur.com\/blog\/wp-content\/uploads\/2019\/07\/page-16-27102016.jpg 840w, https:\/\/www.sofys-traiteur.com\/blog\/wp-content\/uploads\/2019\/07\/page-16-27102016-300x232.jpg 300w, https:\/\/www.sofys-traiteur.com\/blog\/wp-content\/uploads\/2019\/07\/page-16-27102016-768x594.jpg 768w\" sizes=\"auto, (max-width: 706px) 89vw, (max-width: 767px) 82vw, 740px\" \/>\n<\/div>\n<div class=\"col-md-6 col-xs-12 organisation-evenements-valign-middle bcomm\">\n<div>\n<h5>\u00c9v\u00e8nements comm\u00e9moratifs<\/h5>\n<p>Des d\u00e9jeuners officiels pour les f\u00eates nationales comme le 14 juillet. Suite au d\u00e9fil\u00e9 Sofy\u2019s and CO a propos\u00e9 un menu substantiel et raffin\u00e9 pour nos arm\u00e9es apr\u00e8s leur passage sur les champs Elys\u00e9es.<\/p>\n<\/div>\n<\/div>\n<\/div>\n<div class=\"row organisation-evenements2\">\n<div class=\"col-md-6 col-xs-12 organisation-evenements-valign-middle bprest\">\n<div>\n<h5>D\u00eeners de prestige<\/h5>\n<p>Des d\u00eeners de prestige pour remercier vos meilleurs clients. Organiser un \u00e9v\u00e9nement avec un traiteur sur-mesure et mettre au menu : fra\u00eecheur de crabe en gel\u00e9e de gingembre, canette aux figues fra\u00eeches, pommes Anna et pavlova au mirabelles et safran.<\/p>\n<\/div>\n<\/div>\n<div class=\"col-md-6 col-xs-12\">\n<img loading=\"lazy\" decoding=\"async\" class=\"alignnone wp-image-343 size-full  img-responsive\" src=\"https:\/\/www.sofys-traiteur.com\/blog\/wp-content\/uploads\/2019\/07\/Page-15-22122016.jpg\" alt=\"\" width=\"660\" height=\"590\" srcset=\"https:\/\/www.sofys-traiteur.com\/blog\/wp-content\/uploads\/2019\/07\/Page-15-22122016.jpg 660w, https:\/\/www.sofys-traiteur.com\/blog\/wp-content\/uploads\/2019\/07\/Page-15-22122016-300x268.jpg 300w\" sizes=\"auto, (max-width: 660px) 100vw, 660px\" \/>\n<\/div>\n<\/div>\n<div class=\"row organisation-evenements2\">\n<div class=\"col-xs-12\">\n<h2>SOFY\u2019S traiteur sur-mesure pour les particuliers<\/h2>\n<h4>Bien entendu nous sommes au rendez-vous pour organiser des grands \u00e9v\u00e8nements de votre vie :<\/h4>\n<\/div>\n<\/div>\n<div class=\"row organisation-evenements2\">\n<div class=\"col-md-6 col-xs-12\">\n<img loading=\"lazy\" decoding=\"async\" class=\"alignnone wp-image-337 size-full  img-responsive\" src=\"https:\/\/www.sofys-traiteur.com\/blog\/wp-content\/uploads\/2019\/07\/page-13-27102016.jpg\" alt=\"\" width=\"600\" height=\"650\" srcset=\"https:\/\/www.sofys-traiteur.com\/blog\/wp-content\/uploads\/2019\/07\/page-13-27102016.jpg 600w, https:\/\/www.sofys-traiteur.com\/blog\/wp-content\/uploads\/2019\/07\/page-13-27102016-277x300.jpg 277w\" sizes=\"auto, (max-width: 600px) 100vw, 600px\" \/>\n<\/div>\n<div class=\"col-md-6 col-xs-12 organisation-evenements-box\">\n<blockquote class=\"wp-embedded-content\" data-secret=\"d0Rrrnpvw8\"><p><a href=\"https:\/\/www.sofys-traiteur.com\/blog\/organisation-soirees-entre-amis\/\">Organisation soir\u00e9es entre amis<\/a><\/p><\/blockquote>\n<p><iframe loading=\"lazy\" class=\"wp-embedded-content\" sandbox=\"allow-scripts\" security=\"restricted\" style=\"position: absolute; visibility: hidden;\" title=\"\u00ab\u00a0Organisation soir\u00e9es entre amis\u00a0\u00bb &#8212; Sofys&#039;s &amp; Co\" src=\"https:\/\/www.sofys-traiteur.com\/blog\/organisation-soirees-entre-amis\/embed\/#?secret=OxsqSqiFAP#?secret=d0Rrrnpvw8\" data-secret=\"d0Rrrnpvw8\" width=\"525\" height=\"296\" frameborder=\"0\" marginwidth=\"0\" marginheight=\"0\" scrolling=\"no\"><\/iframe><\/p>\n<blockquote class=\"wp-embedded-content\" data-secret=\"4rzuvBga43\"><p><a href=\"https:\/\/www.sofys-traiteur.com\/blog\/organisation-evenements-baptemes-et-communions\/\">Organisation bapt\u00eames et communions<\/a><\/p><\/blockquote>\n<p><iframe loading=\"lazy\" class=\"wp-embedded-content\" sandbox=\"allow-scripts\" security=\"restricted\" style=\"position: absolute; visibility: hidden;\" title=\"\u00ab\u00a0Organisation bapt\u00eames et communions\u00a0\u00bb &#8212; Sofys&#039;s &amp; Co\" src=\"https:\/\/www.sofys-traiteur.com\/blog\/organisation-evenements-baptemes-et-communions\/embed\/#?secret=awl9ah9JlQ#?secret=4rzuvBga43\" data-secret=\"4rzuvBga43\" width=\"525\" height=\"296\" frameborder=\"0\" marginwidth=\"0\" marginheight=\"0\" scrolling=\"no\"><\/iframe><\/p>\n<blockquote class=\"wp-embedded-content\" data-secret=\"oDjbcTNO3i\"><p><a href=\"https:\/\/www.sofys-traiteur.com\/blog\/organisation-evenements-mariage\/\">Organisation mariage<\/a><\/p><\/blockquote>\n<p><iframe loading=\"lazy\" class=\"wp-embedded-content\" sandbox=\"allow-scripts\" security=\"restricted\" style=\"position: absolute; visibility: hidden;\" title=\"\u00ab\u00a0Organisation mariage\u00a0\u00bb &#8212; Sofys&#039;s &amp; Co\" src=\"https:\/\/www.sofys-traiteur.com\/blog\/organisation-evenements-mariage\/embed\/#?secret=vtHLqIqITn#?secret=oDjbcTNO3i\" data-secret=\"oDjbcTNO3i\" width=\"525\" height=\"296\" frameborder=\"0\" marginwidth=\"0\" marginheight=\"0\" scrolling=\"no\"><\/iframe><\/p>\n<blockquote class=\"wp-embedded-content\" data-secret=\"ea36cw13VM\"><p><a href=\"https:\/\/www.sofys-traiteur.com\/blog\/organisation-evenements-decoration-florale\/\">D\u00e9coration florale<\/a><\/p><\/blockquote>\n<p><iframe loading=\"lazy\" class=\"wp-embedded-content\" sandbox=\"allow-scripts\" security=\"restricted\" style=\"position: absolute; visibility: hidden;\" title=\"\u00ab\u00a0D\u00e9coration florale\u00a0\u00bb &#8212; Sofys&#039;s &amp; Co\" src=\"https:\/\/www.sofys-traiteur.com\/blog\/organisation-evenements-decoration-florale\/embed\/#?secret=u8KxpGan4K#?secret=ea36cw13VM\" data-secret=\"ea36cw13VM\" width=\"525\" height=\"296\" frameborder=\"0\" marginwidth=\"0\" marginheight=\"0\" scrolling=\"no\"><\/iframe><\/p>\n<\/div>\n<\/div>\n<div class=\"row organisation-evenements2\">\n<div class=\"col-xs-12\">\n<p style=\"text-align: center;\"><a href=\"\/traiteur\/demande-de-devis\" class=\"btn btn-primary btn-md\">Demander un devis sur mesure<\/a>\n<\/div>\n<\/div>\n","protected":false},"excerpt":{"rendered":"","protected":false},"author":1,"featured_media":0,"parent":0,"menu_order":0,"comment_status":"closed","ping_status":"closed","template":"","meta":{"footnotes":""},"class_list":["post-297","page","type-page","status-publish","hentry"],"aioseo_notices":[],"yoast_head":"<!-- This site is optimized with the Yoast SEO plugin v26.5 - https:\/\/yoast.com\/wordpress\/plugins\/seo\/ -->\n<title>Organisation d\u2019\u00e9v\u00e9nements sur mesure - Sofys&#039;s &amp; Co<\/title>\n<meta name=\"robots\" content=\"index, follow, max-snippet:-1, max-image-preview:large, max-video-preview:-1\" \/>\n<link rel=\"canonical\" href=\"https:\/\/www.sofys-traiteur.com\/blog\/organisation-evenements\/\" \/>\n<meta property=\"og:locale\" content=\"fr_FR\" \/>\n<meta property=\"og:type\" content=\"article\" \/>\n<meta property=\"og:title\" content=\"Organisation d\u2019\u00e9v\u00e9nements sur mesure - Sofys&#039;s &amp; Co\" \/>\n<meta property=\"og:url\" content=\"https:\/\/www.sofys-traiteur.com\/blog\/organisation-evenements\/\" \/>\n<meta property=\"og:site_name\" content=\"Sofys&#039;s &amp; Co\" \/>\n<meta property=\"article:modified_time\" content=\"2025-09-18T09:52:52+00:00\" \/>\n<meta property=\"og:image\" content=\"https:\/\/www.sofys-traiteur.com\/blog\/wp-content\/uploads\/2025\/09\/traiteur-paris.png\" \/>\n<meta name=\"twitter:card\" content=\"summary_large_image\" \/>\n<meta name=\"twitter:label1\" content=\"Dur\u00e9e de lecture estim\u00e9e\" \/>\n\t<meta name=\"twitter:data1\" content=\"6 minutes\" \/>\n<script type=\"application\/ld+json\" class=\"yoast-schema-graph\">{\"@context\":\"https:\/\/schema.org\",\"@graph\":[{\"@type\":\"WebPage\",\"@id\":\"https:\/\/www.sofys-traiteur.com\/blog\/organisation-evenements\/\",\"url\":\"https:\/\/www.sofys-traiteur.com\/blog\/organisation-evenements\/\",\"name\":\"Organisation d\u2019\u00e9v\u00e9nements sur mesure - Sofys&#039;s &amp; Co\",\"isPartOf\":{\"@id\":\"https:\/\/www.sofys-traiteur.com\/blog\/#website\"},\"primaryImageOfPage\":{\"@id\":\"https:\/\/www.sofys-traiteur.com\/blog\/organisation-evenements\/#primaryimage\"},\"image\":{\"@id\":\"https:\/\/www.sofys-traiteur.com\/blog\/organisation-evenements\/#primaryimage\"},\"thumbnailUrl\":\"https:\/\/www.sofys-traiteur.com\/blog\/wp-content\/uploads\/2025\/09\/traiteur-paris.png\",\"datePublished\":\"2019-06-28T10:15:08+00:00\",\"dateModified\":\"2025-09-18T09:52:52+00:00\",\"breadcrumb\":{\"@id\":\"https:\/\/www.sofys-traiteur.com\/blog\/organisation-evenements\/#breadcrumb\"},\"inLanguage\":\"fr-FR\",\"potentialAction\":[{\"@type\":\"ReadAction\",\"target\":[\"https:\/\/www.sofys-traiteur.com\/blog\/organisation-evenements\/\"]}]},{\"@type\":\"ImageObject\",\"inLanguage\":\"fr-FR\",\"@id\":\"https:\/\/www.sofys-traiteur.com\/blog\/organisation-evenements\/#primaryimage\",\"url\":\"https:\/\/www.sofys-traiteur.com\/blog\/wp-content\/uploads\/2025\/09\/traiteur-paris.png\",\"contentUrl\":\"https:\/\/www.sofys-traiteur.com\/blog\/wp-content\/uploads\/2025\/09\/traiteur-paris.png\",\"width\":600,\"height\":651},{\"@type\":\"BreadcrumbList\",\"@id\":\"https:\/\/www.sofys-traiteur.com\/blog\/organisation-evenements\/#breadcrumb\",\"itemListElement\":[{\"@type\":\"ListItem\",\"position\":1,\"name\":\"Accueil\",\"item\":\"https:\/\/www.sofys-traiteur.com\/blog\/\"},{\"@type\":\"ListItem\",\"position\":2,\"name\":\"Organisation d\u2019\u00e9v\u00e9nements sur mesure\"}]},{\"@type\":\"WebSite\",\"@id\":\"https:\/\/www.sofys-traiteur.com\/blog\/#website\",\"url\":\"https:\/\/www.sofys-traiteur.com\/blog\/\",\"name\":\"Sofys&#039;s &amp; Co\",\"description\":\"Cr\u00e9ateur de saveurs authentiques\",\"potentialAction\":[{\"@type\":\"SearchAction\",\"target\":{\"@type\":\"EntryPoint\",\"urlTemplate\":\"https:\/\/www.sofys-traiteur.com\/blog\/?s={search_term_string}\"},\"query-input\":{\"@type\":\"PropertyValueSpecification\",\"valueRequired\":true,\"valueName\":\"search_term_string\"}}],\"inLanguage\":\"fr-FR\"}]}<\/script>\n<!-- \/ Yoast SEO plugin. -->","yoast_head_json":{"title":"Organisation d\u2019\u00e9v\u00e9nements sur mesure - Sofys&#039;s &amp; Co","robots":{"index":"index","follow":"follow","max-snippet":"max-snippet:-1","max-image-preview":"max-image-preview:large","max-video-preview":"max-video-preview:-1"},"canonical":"https:\/\/www.sofys-traiteur.com\/blog\/organisation-evenements\/","og_locale":"fr_FR","og_type":"article","og_title":"Organisation d\u2019\u00e9v\u00e9nements sur mesure - Sofys&#039;s &amp; Co","og_url":"https:\/\/www.sofys-traiteur.com\/blog\/organisation-evenements\/","og_site_name":"Sofys&#039;s &amp; Co","article_modified_time":"2025-09-18T09:52:52+00:00","og_image":[{"url":"https:\/\/www.sofys-traiteur.com\/blog\/wp-content\/uploads\/2025\/09\/traiteur-paris.png","type":"","width":"","height":""}],"twitter_card":"summary_large_image","twitter_misc":{"Dur\u00e9e de lecture estim\u00e9e":"6 minutes"},"schema":{"@context":"https:\/\/schema.org","@graph":[{"@type":"WebPage","@id":"https:\/\/www.sofys-traiteur.com\/blog\/organisation-evenements\/","url":"https:\/\/www.sofys-traiteur.com\/blog\/organisation-evenements\/","name":"Organisation d\u2019\u00e9v\u00e9nements sur mesure - Sofys&#039;s &amp; Co","isPartOf":{"@id":"https:\/\/www.sofys-traiteur.com\/blog\/#website"},"primaryImageOfPage":{"@id":"https:\/\/www.sofys-traiteur.com\/blog\/organisation-evenements\/#primaryimage"},"image":{"@id":"https:\/\/www.sofys-traiteur.com\/blog\/organisation-evenements\/#primaryimage"},"thumbnailUrl":"https:\/\/www.sofys-traiteur.com\/blog\/wp-content\/uploads\/2025\/09\/traiteur-paris.png","datePublished":"2019-06-28T10:15:08+00:00","dateModified":"2025-09-18T09:52:52+00:00","breadcrumb":{"@id":"https:\/\/www.sofys-traiteur.com\/blog\/organisation-evenements\/#breadcrumb"},"inLanguage":"fr-FR","potentialAction":[{"@type":"ReadAction","target":["https:\/\/www.sofys-traiteur.com\/blog\/organisation-evenements\/"]}]},{"@type":"ImageObject","inLanguage":"fr-FR","@id":"https:\/\/www.sofys-traiteur.com\/blog\/organisation-evenements\/#primaryimage","url":"https:\/\/www.sofys-traiteur.com\/blog\/wp-content\/uploads\/2025\/09\/traiteur-paris.png","contentUrl":"https:\/\/www.sofys-traiteur.com\/blog\/wp-content\/uploads\/2025\/09\/traiteur-paris.png","width":600,"height":651},{"@type":"BreadcrumbList","@id":"https:\/\/www.sofys-traiteur.com\/blog\/organisation-evenements\/#breadcrumb","itemListElement":[{"@type":"ListItem","position":1,"name":"Accueil","item":"https:\/\/www.sofys-traiteur.com\/blog\/"},{"@type":"ListItem","position":2,"name":"Organisation d\u2019\u00e9v\u00e9nements sur mesure"}]},{"@type":"WebSite","@id":"https:\/\/www.sofys-traiteur.com\/blog\/#website","url":"https:\/\/www.sofys-traiteur.com\/blog\/","name":"Sofys&#039;s &amp; Co","description":"Cr\u00e9ateur de saveurs authentiques","potentialAction":[{"@type":"SearchAction","target":{"@type":"EntryPoint","urlTemplate":"https:\/\/www.sofys-traiteur.com\/blog\/?s={search_term_string}"},"query-input":{"@type":"PropertyValueSpecification","valueRequired":true,"valueName":"search_term_string"}}],"inLanguage":"fr-FR"}]}},"_links":{"self":[{"href":"https:\/\/www.sofys-traiteur.com\/blog\/wp-json\/wp\/v2\/pages\/297","targetHints":{"allow":["GET"]}}],"collection":[{"href":"https:\/\/www.sofys-traiteur.com\/blog\/wp-json\/wp\/v2\/pages"}],"about":[{"href":"https:\/\/www.sofys-traiteur.com\/blog\/wp-json\/wp\/v2\/types\/page"}],"author":[{"embeddable":true,"href":"https:\/\/www.sofys-traiteur.com\/blog\/wp-json\/wp\/v2\/users\/1"}],"replies":[{"embeddable":true,"href":"https:\/\/www.sofys-traiteur.com\/blog\/wp-json\/wp\/v2\/comments?post=297"}],"version-history":[{"count":59,"href":"https:\/\/www.sofys-traiteur.com\/blog\/wp-json\/wp\/v2\/pages\/297\/revisions"}],"predecessor-version":[{"id":650,"href":"https:\/\/www.sofys-traiteur.com\/blog\/wp-json\/wp\/v2\/pages\/297\/revisions\/650"}],"wp:attachment":[{"href":"https:\/\/www.sofys-traiteur.com\/blog\/wp-json\/wp\/v2\/media?parent=297"}],"curies":[{"name":"wp","href":"https:\/\/api.w.org\/{rel}","templated":true}]}}